{"id":11,"date":"2016-02-16T09:47:18","date_gmt":"2016-02-16T08:47:18","guid":{"rendered":"http:\/\/www.skalickytransport.cz\/?page_id=11"},"modified":"2020-12-08T10:54:23","modified_gmt":"2020-12-08T09:54:23","slug":"o-nas","status":"publish","type":"page","link":"http:\/\/www.skalickytransport.cz\/","title":{"rendered":"O FIRM\u011a"},"content":{"rendered":"<p><a href=\"http:\/\/www.skalickytransport.cz\/wp-content\/uploads\/Publicita-plak\u00e1t-Skalick\u00fdtransport.pdf\">PROJEKT EU- Po\u0159\u00edzen\u00ed nov\u00fdch technologi\u00ed do spole\u010dnosti Skalick\u00fdtransport<\/a><\/p>\n<p><a href=\"http:\/\/www.skalickytransport.cz\/wp-content\/uploads\/Publicita_David_Skalick\u00fd.pdf\">PROJEKT EU &#8211; \u00daspora energie David Skalick\u00fd<\/a><\/p>\n<p><a href=\"http:\/\/www.skalickytransport.cz\/wp-content\/uploads\/titulni_strana.jpg\" rel=\"attachment wp-att-163\"><img loading=\"lazy\" decoding=\"async\" class=\"alignnone size-large wp-image-163\" src=\"http:\/\/www.skalickytransport.cz\/wp-content\/uploads\/titulni_strana-1024x709.jpg\" alt=\"titulni_strana\" width=\"1024\" height=\"709\" srcset=\"http:\/\/www.skalickytransport.cz\/wp-content\/uploads\/titulni_strana.jpg 1024w, http:\/\/www.skalickytransport.cz\/wp-content\/uploads\/titulni_strana-300x208.jpg 300w, http:\/\/www.skalickytransport.cz\/wp-content\/uploads\/titulni_strana-768x532.jpg 768w, http:\/\/www.skalickytransport.cz\/wp-content\/uploads\/titulni_strana-347x240.jpg 347w\" sizes=\"auto, (max-width: 1024px) 100vw, 1024px\" \/><\/a><\/p>\n","protected":false},"excerpt":{"rendered":"<p>PROJEKT EU- Po\u0159\u00edzen\u00ed nov\u00fdch technologi\u00ed do spole\u010dnosti Skalick\u00fdtransport PROJEKT EU &#8211; \u00daspora energie David Skalick\u00fd<\/p>\n","protected":false},"author":1,"featured_media":0,"parent":0,"menu_order":0,"comment_status":"closed","ping_status":"closed","template":"","meta":{"ngg_post_thumbnail":0,"footnotes":""},"class_list":["entry","author-admin","post-11","page","type-page","status-publish"],"_links":{"self":[{"href":"http:\/\/www.skalickytransport.cz\/index.php?rest_route=\/wp\/v2\/pages\/11","targetHints":{"allow":["GET"]}}],"collection":[{"href":"http:\/\/www.skalickytransport.cz\/index.php?rest_route=\/wp\/v2\/pages"}],"about":[{"href":"http:\/\/www.skalickytransport.cz\/index.php?rest_route=\/wp\/v2\/types\/page"}],"author":[{"embeddable":true,"href":"http:\/\/www.skalickytransport.cz\/index.php?rest_route=\/wp\/v2\/users\/1"}],"replies":[{"embeddable":true,"href":"http:\/\/www.skalickytransport.cz\/index.php?rest_route=%2Fwp%2Fv2%2Fcomments&post=11"}],"version-history":[{"count":18,"href":"http:\/\/www.skalickytransport.cz\/index.php?rest_route=\/wp\/v2\/pages\/11\/revisions"}],"predecessor-version":[{"id":379,"href":"http:\/\/www.skalickytransport.cz\/index.php?rest_route=\/wp\/v2\/pages\/11\/revisions\/379"}],"wp:attachment":[{"href":"http:\/\/www.skalickytransport.cz\/index.php?rest_route=%2Fwp%2Fv2%2Fmedia&parent=11"}],"curies":[{"name":"wp","href":"https:\/\/api.w.org\/{rel}","templated":true}]}}