{"id":18,"date":"2016-02-16T09:54:56","date_gmt":"2016-02-16T08:54:56","guid":{"rendered":"http:\/\/www.skalickytransport.cz\/?page_id=18"},"modified":"2016-03-15T17:42:32","modified_gmt":"2016-03-15T16:42:32","slug":"stavebni-material","status":"publish","type":"page","link":"http:\/\/www.skalickytransport.cz\/?page_id=18","title":{"rendered":"STAVEBN\u00cd MATERI\u00c1L &#8211; SKLAD"},"content":{"rendered":"<p style=\"text-align: center;\"><em><span style=\"text-decoration: underline;\"><strong>Nab\u00edz\u00edme mo\u017enost uskladn\u011bn\u00ed stavebn\u00edho odpadu.<\/strong><\/span><\/em><\/p>\n<p style=\"text-align: center;\">Sklad o rozloze 5000m\u00b2<\/p>\n<p><a href=\"http:\/\/www.skalickytransport.cz\/wp-content\/uploads\/2016-03-01-2.png\" rel=\"attachment wp-att-119\"><img loading=\"lazy\" decoding=\"async\" class=\"alignnone wp-image-119 aligncenter\" src=\"http:\/\/www.skalickytransport.cz\/wp-content\/uploads\/2016-03-01-2-1024x697.png\" alt=\"2016-03-01 (2)\" width=\"739\" height=\"503\" srcset=\"http:\/\/www.skalickytransport.cz\/wp-content\/uploads\/2016-03-01-2-1024x697.png 1024w, http:\/\/www.skalickytransport.cz\/wp-content\/uploads\/2016-03-01-2-300x204.png 300w, http:\/\/www.skalickytransport.cz\/wp-content\/uploads\/2016-03-01-2-768x522.png 768w, http:\/\/www.skalickytransport.cz\/wp-content\/uploads\/2016-03-01-2-353x240.png 353w, http:\/\/www.skalickytransport.cz\/wp-content\/uploads\/2016-03-01-2.png 1270w\" sizes=\"auto, (max-width: 739px) 100vw, 739px\" \/><\/a><\/p>\n","protected":false},"excerpt":{"rendered":"<p>Nab\u00edz\u00edme mo\u017enost uskladn\u011bn\u00ed stavebn\u00edho odpadu. Sklad o rozloze 5000m\u00b2<\/p>\n","protected":false},"author":1,"featured_media":0,"parent":0,"menu_order":5,"comment_status":"closed","ping_status":"closed","template":"","meta":{"ngg_post_thumbnail":0,"footnotes":""},"class_list":["entry","author-admin","post-18","page","type-page","status-publish"],"_links":{"self":[{"href":"http:\/\/www.skalickytransport.cz\/index.php?rest_route=\/wp\/v2\/pages\/18","targetHints":{"allow":["GET"]}}],"collection":[{"href":"http:\/\/www.skalickytransport.cz\/index.php?rest_route=\/wp\/v2\/pages"}],"about":[{"href":"http:\/\/www.skalickytransport.cz\/index.php?rest_route=\/wp\/v2\/types\/page"}],"author":[{"embeddable":true,"href":"http:\/\/www.skalickytransport.cz\/index.php?rest_route=\/wp\/v2\/users\/1"}],"replies":[{"embeddable":true,"href":"http:\/\/www.skalickytransport.cz\/index.php?rest_route=%2Fwp%2Fv2%2Fcomments&post=18"}],"version-history":[{"count":8,"href":"http:\/\/www.skalickytransport.cz\/index.php?rest_route=\/wp\/v2\/pages\/18\/revisions"}],"predecessor-version":[{"id":157,"href":"http:\/\/www.skalickytransport.cz\/index.php?rest_route=\/wp\/v2\/pages\/18\/revisions\/157"}],"wp:attachment":[{"href":"http:\/\/www.skalickytransport.cz\/index.php?rest_route=%2Fwp%2Fv2%2Fmedia&parent=18"}],"curies":[{"name":"wp","href":"https:\/\/api.w.org\/{rel}","templated":true}]}}