{"id":2,"date":"2016-02-16T08:33:24","date_gmt":"2016-02-16T07:33:24","guid":{"rendered":"http:\/\/www.skalickytransport.cz\/?page_id=2"},"modified":"2017-11-27T11:04:16","modified_gmt":"2017-11-27T10:04:16","slug":"zkusebni-stranka","status":"publish","type":"page","link":"http:\/\/www.skalickytransport.cz\/?page_id=2","title":{"rendered":"KONTAKTY"},"content":{"rendered":"<p><strong><em>Firma:<\/em><\/strong><\/p>\n<p>Skalick\u00fdtransport s. r. o.&nbsp;<br \/>\nU Podhorky 617<br \/>\n56002 \u010cesk\u00e1 T\u0159ebov\u00e1<br \/>\nI\u010cO: 06220134<br \/>\nDI\u010c: CZ06220134 &nbsp; &nbsp; &nbsp; &nbsp; &nbsp; &nbsp; &nbsp; &nbsp; &nbsp; &nbsp; &nbsp; &nbsp; &nbsp; &nbsp; &nbsp; &nbsp; &nbsp; &nbsp; &nbsp; &nbsp; &nbsp; &nbsp; &nbsp; &nbsp; &nbsp; &nbsp; &nbsp; &nbsp; &nbsp; &nbsp; &nbsp; &nbsp; &nbsp; &nbsp; &nbsp; &nbsp; &nbsp; &nbsp; &nbsp; &nbsp; &nbsp; &nbsp; &nbsp; &nbsp; &nbsp; &nbsp; &nbsp; &nbsp; &nbsp; &nbsp; &nbsp; &nbsp; &nbsp; &nbsp; &nbsp; &nbsp; &nbsp; &nbsp; &nbsp; &nbsp; &nbsp; &nbsp; &nbsp; &nbsp; &nbsp; &nbsp; &nbsp; &nbsp; &nbsp; &nbsp; &nbsp; &nbsp; &nbsp; &nbsp; &nbsp; &nbsp;<\/p>\n<p><em><strong>Firma:<\/strong><\/em><\/p>\n<p>David Skalick\u00fd<br \/>\nU Podhorky 617<br \/>\n56002 \u010cesk\u00e1 T\u0159ebov\u00e1<br \/>\nI\u010cO: 68473630<br \/>\nDI\u010c: CZ7512303700<\/p>\n<p><em><strong>Provozovna:<\/strong><\/em><\/p>\n<p>David Skalick\u00fd &#8211; Skalick\u00fd Transport<br \/>\nN\u00e1m\u011bst\u00ed 17. listopadu<br \/>\n56002 \u010cesk\u00e1 T\u0159ebov\u00e1<\/p>\n<p><em><strong>Kontakty:<\/strong><\/em><\/p>\n<p>David Skalick\u00fd &#8211; 603 802 728<br \/>\nDispe\u010der &#8211; 733 606 100<br \/>\nProdej materi\u00e1lu &#8211; 733 346 891<\/p>\n<p><em><strong>E-mail:<\/strong><\/em><\/p>\n<p>skalickytransport@seznam.cz<\/p>\n<p><em><strong>Provozn\u00ed doba:<\/strong><\/em><\/p>\n<p>Pond\u011bl\u00ed &#8211; P\u00e1tek 7:00 &#8211; 15:30<\/p>\n","protected":false},"excerpt":{"rendered":"<p>Firma: Skalick\u00fdtransport s. r. o.&nbsp; U Podhorky 617 56002 \u010cesk\u00e1 T\u0159ebov\u00e1 I\u010cO: 06220134 DI\u010c: CZ06220134 &nbsp; &nbsp; &nbsp; &nbsp; &nbsp; &nbsp; &nbsp; &nbsp; &nbsp; &nbsp; &nbsp; &nbsp; &nbsp; &nbsp; &nbsp; &nbsp; &nbsp; &nbsp; &nbsp; &nbsp; &nbsp; &nbsp; &nbsp; &nbsp; &nbsp; &nbsp; &nbsp; &nbsp; &nbsp; &nbsp; &nbsp; &nbsp; &nbsp; &nbsp; &nbsp; &nbsp; &nbsp; &nbsp; &nbsp; &nbsp;<br \/> <a href=\"http:\/\/www.skalickytransport.cz\/?page_id=2\" class=\"more-link\">Read More<\/a><\/p>\n","protected":false},"author":1,"featured_media":0,"parent":0,"menu_order":10,"comment_status":"closed","ping_status":"closed","template":"","meta":{"ngg_post_thumbnail":0,"footnotes":""},"class_list":["entry","author-admin","post-2","page","type-page","status-publish"],"_links":{"self":[{"href":"http:\/\/www.skalickytransport.cz\/index.php?rest_route=\/wp\/v2\/pages\/2","targetHints":{"allow":["GET"]}}],"collection":[{"href":"http:\/\/www.skalickytransport.cz\/index.php?rest_route=\/wp\/v2\/pages"}],"about":[{"href":"http:\/\/www.skalickytransport.cz\/index.php?rest_route=\/wp\/v2\/types\/page"}],"author":[{"embeddable":true,"href":"http:\/\/www.skalickytransport.cz\/index.php?rest_route=\/wp\/v2\/users\/1"}],"replies":[{"embeddable":true,"href":"http:\/\/www.skalickytransport.cz\/index.php?rest_route=%2Fwp%2Fv2%2Fcomments&post=2"}],"version-history":[{"count":13,"href":"http:\/\/www.skalickytransport.cz\/index.php?rest_route=\/wp\/v2\/pages\/2\/revisions"}],"predecessor-version":[{"id":345,"href":"http:\/\/www.skalickytransport.cz\/index.php?rest_route=\/wp\/v2\/pages\/2\/revisions\/345"}],"wp:attachment":[{"href":"http:\/\/www.skalickytransport.cz\/index.php?rest_route=%2Fwp%2Fv2%2Fmedia&parent=2"}],"curies":[{"name":"wp","href":"https:\/\/api.w.org\/{rel}","templated":true}]}}