{"id":32,"date":"2016-02-16T10:16:00","date_gmt":"2016-02-16T09:16:00","guid":{"rendered":"http:\/\/www.skalickytransport.cz\/?page_id=32"},"modified":"2016-09-30T10:43:49","modified_gmt":"2016-09-30T09:43:49","slug":"recyklace-2","status":"publish","type":"page","link":"http:\/\/www.skalickytransport.cz\/?page_id=32","title":{"rendered":"RECYKLACE"},"content":{"rendered":"<p style=\"text-align: center;\"><strong><em><span style=\"color: #000000;\">Nab\u00edz\u00edme recyklaci stavebn\u00edho materi\u00e1lu mobiln\u00ed recykla\u010dn\u00ed linkou.<\/span><\/em><\/strong><\/p>\n<p>&nbsp;<\/p>\n<p style=\"text-align: left;\">Drt\u00edc\u00edm za\u0159\u00edzen\u00edm TEREX 428 IMPACTOR \u00a0 \u00a0 \u00a0 \u00a0 \u00a0 \u00a0 \u00a0 \u00a0 \u00a0 \u00a0 \u00a0 \u00a0 \u00a0 \u00a0 \u00a0 \u00a0 \u00a0 \u00a0 \u00a0 \u00a0 \u00a0 \u00a0 \u00a0 \u00a0 \u00a0 \u00a0 \u00a0 \u00a0 \u00a0 \u00a0 \u00a0 \u00a0 \u00a0 \u00a0 \u00a0 \u00a0 \u00a0 \u00a0 \u00a0 \u00a0 \u00a0 \u00a0 \u00a0 \u00a0 \u00a0 \u00a0 \u00a0 \u00a0 \u00a0 \u00a0 \u00a0 \u00a0 \u00a0 \u00a0 \u00a0 \u00a0 \u00a0 \u00a0 \u00a0 \u00a0 \u00a0 \u00a0 \u00a0 \u00a0 \u00a0 \u00a0 \u00a0 \u00a0 \u00a0 \u00a0 \u00a0 \u00a0 \u00a0 \u00a0 \u00a0 \u00a0 \u00a0 \u00a0 \u00a0 \u00a0 \u00a0 \u00a0 \u00a0 \u00a0 \u00a0 \u00a0 \u00a0 \u00a0 \u00a0 \u00a0 \u00a0 \u00a0 \u00a0 \u00a0 \u00a0 \u00a0 \u00a0 \u00a0 \u00a0 \u00a0 \u00a0 \u00a0 \u00a0 \u00a0 \u00a0 \u00a0 \u00a0 \u00a0 \u00a0 \u00a0 \u00a0 \u00a0 \u00a0 \u00a0 \u00a0 \u00a0 \u00a0 \u00a0 \u00a0 \u00a0 \u00a0 \u00a0 \u00a0 \u00a0 \u00a0 \u00a0 \u00a0 \u00a0 \u00a0 \u00a0 \u00a0 \u00a0 \u00a0 \u00a0 \u00a0 \u00a0 \u00a0 \u00a0 \u00a0 \u00a0 \u00a0 \u00a0 \u00a0 \u00a0 \u00a0 \u00a0 \u00a0 \u00a0 \u00a0 \u00a0 \u00a0 \u00a0 \u00a0 \u00a0 \u00a0 \u00a0 \u00a0 \u00a0 \u00a0 \u00a0 \u00a0 \u00a0 \u00a0 \u00a0 \u00a0 \u00a0 \u00a0 \u00a0 \u00a0 \u00a0 \u00a0 \u00a0 \u00a0 \u00a0 \u00a0 \u00a0 \u00a0 \u00a0\u00a0<a href=\"http:\/\/www.skalickytransport.cz\/wp-content\/uploads\/DSC01662.jpg\" rel=\"attachment wp-att-82\"><img loading=\"lazy\" decoding=\"async\" class=\" wp-image-82 alignleft\" src=\"http:\/\/www.skalickytransport.cz\/wp-content\/uploads\/DSC01662-150x150.jpg\" alt=\"SONY DSC\" width=\"158\" height=\"158\" \/><\/a><\/p>\n<p>&nbsp;<\/p>\n<p>&nbsp;<\/p>\n<p>&nbsp;<\/p>\n<p>&nbsp;<\/p>\n<p>T\u0159\u00edd\u00edc\u00edm za\u0159\u00edzen\u00edm POWERSCREEN CHIEFTAIN 1400 WHEEL<\/p>\n<p><a href=\"http:\/\/www.skalickytransport.cz\/wp-content\/uploads\/20150903_100753.jpg\" rel=\"attachment wp-att-83\"><img loading=\"lazy\" decoding=\"async\" class=\" wp-image-83 alignleft\" src=\"http:\/\/www.skalickytransport.cz\/wp-content\/uploads\/20150903_100753-150x150.jpg\" alt=\"20150903_100753\" width=\"170\" height=\"170\" \/><\/a><\/p>\n<p><a href=\"http:\/\/www.skalickytransport.cz\/wp-content\/uploads\/IMG_20160831_084454.jpg\" rel=\"attachment wp-att-256\"><img loading=\"lazy\" decoding=\"async\" class=\"alignnone size-medium wp-image-256\" src=\"http:\/\/www.skalickytransport.cz\/wp-content\/uploads\/IMG_20160831_084454-300x168.jpg\" alt=\"img_20160831_084454\" width=\"300\" height=\"168\" srcset=\"http:\/\/www.skalickytransport.cz\/wp-content\/uploads\/IMG_20160831_084454-300x168.jpg 300w, http:\/\/www.skalickytransport.cz\/wp-content\/uploads\/IMG_20160831_084454-768x431.jpg 768w, http:\/\/www.skalickytransport.cz\/wp-content\/uploads\/IMG_20160831_084454-1024x575.jpg 1024w, http:\/\/www.skalickytransport.cz\/wp-content\/uploads\/IMG_20160831_084454-427x240.jpg 427w\" sizes=\"auto, (max-width: 300px) 100vw, 300px\" \/><\/a><\/p>\n<p>&nbsp;<\/p>\n<p>&nbsp;<\/p>\n<p style=\"text-align: left;\">\u00a0 Recyklaci je mo\u017eno prov\u00e1d\u011bt po cel\u00e9m \u00fazem\u00ed Pardubick\u00e9ho kraje.<\/p>\n<p>&nbsp;<\/p>\n<p><a href=\"http:\/\/www.skalickytransport.cz\/wp-content\/uploads\/recyklace.jpg\" rel=\"attachment wp-att-44\"><img loading=\"lazy\" decoding=\"async\" class=\"size-medium wp-image-44 alignleft\" src=\"http:\/\/www.skalickytransport.cz\/wp-content\/uploads\/recyklace-300x169.jpg\" alt=\"recyklace\" width=\"300\" height=\"169\" srcset=\"http:\/\/www.skalickytransport.cz\/wp-content\/uploads\/recyklace-300x169.jpg 300w, http:\/\/www.skalickytransport.cz\/wp-content\/uploads\/recyklace-768x432.jpg 768w, http:\/\/www.skalickytransport.cz\/wp-content\/uploads\/recyklace-426x240.jpg 426w, http:\/\/www.skalickytransport.cz\/wp-content\/uploads\/recyklace.jpg 1000w\" sizes=\"auto, (max-width: 300px) 100vw, 300px\" \/><\/a><\/p>\n<p>&nbsp;<\/p>\n<p>&nbsp;<\/p>\n","protected":false},"excerpt":{"rendered":"<p>Nab\u00edz\u00edme recyklaci stavebn\u00edho materi\u00e1lu mobiln\u00ed recykla\u010dn\u00ed linkou. &nbsp; Drt\u00edc\u00edm za\u0159\u00edzen\u00edm TEREX 428 IMPACTOR \u00a0 \u00a0 \u00a0 \u00a0 \u00a0 \u00a0 \u00a0 \u00a0 \u00a0 \u00a0 \u00a0 \u00a0 \u00a0 \u00a0 \u00a0 \u00a0 \u00a0 \u00a0 \u00a0 \u00a0 \u00a0 \u00a0 \u00a0 \u00a0 \u00a0 \u00a0 \u00a0 \u00a0 \u00a0 \u00a0 \u00a0 \u00a0 \u00a0 \u00a0 \u00a0 \u00a0 \u00a0 \u00a0 \u00a0 \u00a0 \u00a0 \u00a0<br \/> <a href=\"http:\/\/www.skalickytransport.cz\/?page_id=32\" class=\"more-link\">Read More<\/a><\/p>\n","protected":false},"author":1,"featured_media":0,"parent":0,"menu_order":4,"comment_status":"closed","ping_status":"closed","template":"","meta":{"ngg_post_thumbnail":0,"footnotes":""},"class_list":["entry","author-admin","post-32","page","type-page","status-publish"],"_links":{"self":[{"href":"http:\/\/www.skalickytransport.cz\/index.php?rest_route=\/wp\/v2\/pages\/32","targetHints":{"allow":["GET"]}}],"collection":[{"href":"http:\/\/www.skalickytransport.cz\/index.php?rest_route=\/wp\/v2\/pages"}],"about":[{"href":"http:\/\/www.skalickytransport.cz\/index.php?rest_route=\/wp\/v2\/types\/page"}],"author":[{"embeddable":true,"href":"http:\/\/www.skalickytransport.cz\/index.php?rest_route=\/wp\/v2\/users\/1"}],"replies":[{"embeddable":true,"href":"http:\/\/www.skalickytransport.cz\/index.php?rest_route=%2Fwp%2Fv2%2Fcomments&post=32"}],"version-history":[{"count":9,"href":"http:\/\/www.skalickytransport.cz\/index.php?rest_route=\/wp\/v2\/pages\/32\/revisions"}],"predecessor-version":[{"id":257,"href":"http:\/\/www.skalickytransport.cz\/index.php?rest_route=\/wp\/v2\/pages\/32\/revisions\/257"}],"wp:attachment":[{"href":"http:\/\/www.skalickytransport.cz\/index.php?rest_route=%2Fwp%2Fv2%2Fmedia&parent=32"}],"curies":[{"name":"wp","href":"https:\/\/api.w.org\/{rel}","templated":true}]}}